{"id":13024955,"date":"2021-01-03T23:10:46","date_gmt":"2021-01-03T22:10:46","guid":{"rendered":"https:\/\/www.worldyachting.hr\/our-base\/"},"modified":"2021-02-12T08:15:58","modified_gmt":"2021-02-12T07:15:58","slug":"our-base","status":"publish","type":"page","link":"https:\/\/www.worldyachting.hr\/hr\/our-base\/","title":{"rendered":"Na\u0161a baza"},"content":{"rendered":"\t\t<div data-elementor-type=\"wp-page\" data-elementor-id=\"13024955\" class=\"elementor elementor-13024955 elementor-1097\">\n\t\t\t\t\t\t<div class=\"elementor-inner\">\n\t\t\t\t<div class=\"elementor-section-wrap\">\n\t\t\t\t\t\t\t\t\t<section class=\"elementor-section elementor-top-section elementor-element elementor-element-3e301ad elementor-section-full_width elementor-section-height-default elementor-section-height-default\" data-id=\"3e301ad\" data-element_type=\"section\">\n\t\t\t\t\t\t<div class=\"elementor-container elementor-column-gap-default\">\n\t\t\t\t\t\t\t<div class=\"elementor-row\">\n\t\t\t\t\t<div class=\"elementor-column elementor-col-100 elementor-top-column elementor-element elementor-element-1f3519a\" data-id=\"1f3519a\" data-element_type=\"column\">\n\t\t\t<div class=\"elementor-column-wrap elementor-element-populated\">\n\t\t\t\t\t\t\t<div class=\"elementor-widget-wrap\">\n\t\t\t\t\t\t\t\t<\/div>\n\t\t\t\t\t<\/div>\n\t\t<\/div>\n\t\t\t\t\t\t\t\t<\/div>\n\t\t\t\t\t<\/div>\n\t\t<\/section>\n\t\t\t\t<section class=\"elementor-section elementor-top-section elementor-element elementor-element-801c7d7 elementor-section-boxed elementor-section-height-default elementor-section-height-default\" data-id=\"801c7d7\" data-element_type=\"section\">\n\t\t\t\t\t\t<div class=\"elementor-container elementor-column-gap-default\">\n\t\t\t\t\t\t\t<div class=\"elementor-row\">\n\t\t\t\t\t<div class=\"elementor-column elementor-col-100 elementor-top-column elementor-element elementor-element-1f5a369\" data-id=\"1f5a369\" data-element_type=\"column\">\n\t\t\t<div class=\"elementor-column-wrap elementor-element-populated\">\n\t\t\t\t\t\t\t<div class=\"elementor-widget-wrap\">\n\t\t\t\t\t\t<div class=\"elementor-element elementor-element-21a1797 elementor-widget elementor-widget-lanong_best_services\" data-id=\"21a1797\" data-element_type=\"widget\" data-widget_type=\"lanong_best_services.default\">\n\t\t\t\t<div class=\"elementor-widget-container\">\n\t\t\t        \r\n        <!--Services Section Four-->\r\n        <section class=\"services-section-four\">\r\n            <div class=\"auto-container\">\r\n                <div class=\"inner-container\">\r\n                    <div class=\"title-box\">\r\n                        <h2>\u0160ibenik je jedan od najve\u0107ih gradova sjeverne Dalmacije.<\/h2>\r\n                    <\/div>\r\n                    <div class=\"service-list\">\r\n                        <ul class=\"clearfix\">\r\n                            \t\t\t\t\t\t\t                            <li><span class=\"icon flaticon-interface-1\"><\/span>Luksuzne jahtne usluge<\/li>\r\n                                                        <li><span class=\"icon flaticon-interface-1\"><\/span>Privatni izleti<\/li>\r\n                                                        <li><span class=\"icon flaticon-interface-1\"><\/span>Top Destinacije<\/li>\r\n                                                    <\/ul>\r\n                    <\/div>\r\n                    <div class=\"text\">\n\u0160ibenik je grad stariji od 950 godina. Zbog svog izuzetnog polo\u017eaja idealno je polazi\u0161te za izlete jedrilicom do nacionalnih parkova Krka i Kornati. Najbli\u017ea zra\u010dna luka su zra\u010dna luka Split i Zadar koje su od marine udaljene samo 45 minuta vo\u017enje autocestom.<\/div>\r\n                    <div class=\"link-box\">\r\n                        <a href=\"https:\/\/www.worldyachting.hr\/destinations\/?lang=hr\" class=\"theme-btn btn-style-five\"><div class=\"btn-title\">DESTINACIJE<\/div><\/a>\r\n                    <\/div>\r\n                <\/div>\r\n            <\/div>\r\n        <\/section>\r\n           \r\n\t\t\t\t<\/div>\n\t\t\t\t<\/div>\n\t\t\t\t\t\t<\/div>\n\t\t\t\t\t<\/div>\n\t\t<\/div>\n\t\t\t\t\t\t\t\t<\/div>\n\t\t\t\t\t<\/div>\n\t\t<\/section>\n\t\t\t\t<section class=\"elementor-section elementor-top-section elementor-element elementor-element-5b32269 elementor-section-boxed elementor-section-height-default elementor-section-height-default\" data-id=\"5b32269\" data-element_type=\"section\">\n\t\t\t\t\t\t<div class=\"elementor-container elementor-column-gap-default\">\n\t\t\t\t\t\t\t<div class=\"elementor-row\">\n\t\t\t\t\t<div class=\"elementor-column elementor-col-100 elementor-top-column elementor-element elementor-element-522d62d\" data-id=\"522d62d\" data-element_type=\"column\">\n\t\t\t<div class=\"elementor-column-wrap elementor-element-populated\">\n\t\t\t\t\t\t\t<div class=\"elementor-widget-wrap\">\n\t\t\t\t\t\t<div class=\"elementor-element elementor-element-3d767e6 elementor-widget elementor-widget-lanong_best_services\" data-id=\"3d767e6\" data-element_type=\"widget\" data-widget_type=\"lanong_best_services.default\">\n\t\t\t\t<div class=\"elementor-widget-container\">\n\t\t\t        \r\n        <!--Services Section Four-->\r\n        <section class=\"services-section-four\">\r\n            <div class=\"auto-container\">\r\n                <div class=\"inner-container\">\r\n                    <div class=\"title-box\">\r\n                        <h2>Usluge i sadr\u017eaji dostupni u marini:<\/h2>\r\n                    <\/div>\r\n                    <div class=\"service-list\">\r\n                        <ul class=\"clearfix\">\r\n                            \t\t\t\t\t\t\t                            <li><span class=\"icon flaticon-interface-1\"><\/span>350 vezova za vodu i struju <\/li>\r\n                                                        <li><span class=\"icon flaticon-interface-1\"><\/span>Recepcija<\/li>\r\n                                                        <li><span class=\"icon flaticon-interface-1\"><\/span>Supermarket (otvoren i u subotu i nedjelju) <\/li>\r\n                                                        <li><span class=\"icon flaticon-interface-1\"><\/span>Kafi\u0107<\/li>\r\n                                                        <li><span class=\"icon flaticon-interface-1\"><\/span>Parking za aute (napla\u0107uje se dnevno prema cjeniku D-Marin)<\/li>\r\n                                                        <li><span class=\"icon flaticon-interface-1\"><\/span>Servis nauti\u010dkih popravaka <\/li>\r\n                                                        <li><span class=\"icon flaticon-interface-1\"><\/span>WC i tu\u0161evi <\/li>\r\n                                                        <li><span class=\"icon flaticon-interface-1\"><\/span>Bankomat (prihva\u0107ena kartica: MB Card, MasterCard, Maestro, Visa, Visa Electron, Amex) <\/li>\r\n                                                        <li><span class=\"icon flaticon-interface-1\"><\/span>Mjenja\u010dnica (na recepciji Marine) <\/li>\r\n                                                        <li><span class=\"icon flaticon-interface-1\"><\/span>440 nosivih kapaciteta (od 10 do 70 m s maksimalnim gazom od 5,5 m)<\/li>\r\n                                                        <li><span class=\"icon flaticon-interface-1\"><\/span>kapacitet 30 suhih pristani\u0161ta <\/li>\r\n                                                        <li><span class=\"icon flaticon-interface-1\"><\/span>50 T putni\u010dki lift<\/li>\r\n                                                        <li><span class=\"icon flaticon-interface-1\"><\/span>Prikladan za katamarane<\/li>\r\n                                                    <\/ul>\r\n                    <\/div>\r\n                    <div class=\"text\">43\u00b043\u2019 0\u2019\u2019 N, 15\u00b054\u2019 3\u2019\u2019 E VHF 17 <BR>\nThe closest airport are Split and Zadar Airports, which are only around 45 minutes drive on the highway from the marina.\n\n<\/div>\r\n                    <div class=\"link-box\">\r\n                        <a href=\"https:\/\/www.worldyachting.hr\/yachts\/?lang=hr\" class=\"theme-btn btn-style-five\"><div class=\"btn-title\">Rezervirajte svoju jahtu<\/div><\/a>\r\n                    <\/div>\r\n                <\/div>\r\n            <\/div>\r\n        <\/section>\r\n           \r\n\t\t\t\t<\/div>\n\t\t\t\t<\/div>\n\t\t\t\t\t\t<\/div>\n\t\t\t\t\t<\/div>\n\t\t<\/div>\n\t\t\t\t\t\t\t\t<\/div>\n\t\t\t\t\t<\/div>\n\t\t<\/section>\n\t\t\t\t\t\t\t\t\t<\/div>\n\t\t\t<\/div>\n\t\t\t\t\t<\/div>\n\t\t","protected":false},"excerpt":{"rendered":"<p>\u0160ibenik je jedan od najve\u0107ih gradova sjeverne Dalmacije. Luksuzne jahtne usluge Privatni izleti Top Destinacije \u0160ibenik je grad stariji od 950 godina. Zbog svog izuzetnog polo\u017eaja idealno je polazi\u0161te za izlete jedrilicom do nacionalnih parkova Krka i Kornati. Najbli\u017ea zra\u010dna luka su zra\u010dna luka Split i Zadar koje su od marine udaljene samo 45 minuta [&hellip;]<\/p>\n","protected":false},"author":1,"featured_media":0,"parent":0,"menu_order":0,"comment_status":"closed","ping_status":"closed","template":"tpl-default-elementor.php","meta":[],"acf":[],"yoast_head":"<!-- This site is optimized with the Yoast SEO plugin v20.6 - https:\/\/yoast.com\/wordpress\/plugins\/seo\/ -->\n<title>Na\u0161a baza - World Yachting Charter in Croatia<\/title>\n<meta name=\"robots\" content=\"index, follow, max-snippet:-1, max-image-preview:large, max-video-preview:-1\" \/>\n<link rel=\"canonical\" href=\"https:\/\/www.worldyachting.hr\/hr\/our-base\/\" \/>\n<meta property=\"og:locale\" content=\"hr_HR\" \/>\n<meta property=\"og:type\" content=\"article\" \/>\n<meta property=\"og:title\" content=\"Na\u0161a baza - World Yachting Charter in Croatia\" \/>\n<meta property=\"og:description\" content=\"\u0160ibenik je jedan od najve\u0107ih gradova sjeverne Dalmacije. Luksuzne jahtne usluge Privatni izleti Top Destinacije \u0160ibenik je grad stariji od 950 godina. Zbog svog izuzetnog polo\u017eaja idealno je polazi\u0161te za izlete jedrilicom do nacionalnih parkova Krka i Kornati. Najbli\u017ea zra\u010dna luka su zra\u010dna luka Split i Zadar koje su od marine udaljene samo 45 minuta [&hellip;]\" \/>\n<meta property=\"og:url\" content=\"https:\/\/www.worldyachting.hr\/hr\/our-base\/\" \/>\n<meta property=\"og:site_name\" content=\"World Yachting Charter in Croatia\" \/>\n<meta property=\"article:publisher\" content=\"https:\/\/www.facebook.com\/WorldYachtingCharter\" \/>\n<meta property=\"article:modified_time\" content=\"2021-02-12T07:15:58+00:00\" \/>\n<meta property=\"og:image\" content=\"https:\/\/www.worldyachting.hr\/wp-content\/uploads\/2021\/01\/world_yachting_charter_logo2.jpg\" \/>\n\t<meta property=\"og:image:width\" content=\"810\" \/>\n\t<meta property=\"og:image:height\" content=\"424\" \/>\n\t<meta property=\"og:image:type\" content=\"image\/jpeg\" \/>\n<meta name=\"twitter:card\" content=\"summary_large_image\" \/>\n<meta name=\"twitter:label1\" content=\"Procijenjeno vrijeme \u010ditanja\" \/>\n\t<meta name=\"twitter:data1\" content=\"1 minuta\" \/>\n<script type=\"application\/ld+json\" class=\"yoast-schema-graph\">{\"@context\":\"https:\/\/schema.org\",\"@graph\":[{\"@type\":\"WebPage\",\"@id\":\"https:\/\/www.worldyachting.hr\/hr\/our-base\/\",\"url\":\"https:\/\/www.worldyachting.hr\/hr\/our-base\/\",\"name\":\"Na\u0161a baza - World Yachting Charter in Croatia\",\"isPartOf\":{\"@id\":\"https:\/\/www.worldyachting.hr\/#website\"},\"datePublished\":\"2021-01-03T22:10:46+00:00\",\"dateModified\":\"2021-02-12T07:15:58+00:00\",\"breadcrumb\":{\"@id\":\"https:\/\/www.worldyachting.hr\/hr\/our-base\/#breadcrumb\"},\"inLanguage\":\"hr\",\"potentialAction\":[{\"@type\":\"ReadAction\",\"target\":[\"https:\/\/www.worldyachting.hr\/hr\/our-base\/\"]}]},{\"@type\":\"BreadcrumbList\",\"@id\":\"https:\/\/www.worldyachting.hr\/hr\/our-base\/#breadcrumb\",\"itemListElement\":[{\"@type\":\"ListItem\",\"position\":1,\"name\":\"Home\",\"item\":\"https:\/\/www.worldyachting.hr\/hr\/\"},{\"@type\":\"ListItem\",\"position\":2,\"name\":\"Na\u0161a baza\"}]},{\"@type\":\"WebSite\",\"@id\":\"https:\/\/www.worldyachting.hr\/#website\",\"url\":\"https:\/\/www.worldyachting.hr\/\",\"name\":\"World Yachting Charter in Croatia\",\"description\":\"Your unforgettable family sailing experience in Croatia\",\"publisher\":{\"@id\":\"https:\/\/www.worldyachting.hr\/#organization\"},\"potentialAction\":[{\"@type\":\"SearchAction\",\"target\":{\"@type\":\"EntryPoint\",\"urlTemplate\":\"https:\/\/www.worldyachting.hr\/?s={search_term_string}\"},\"query-input\":\"required name=search_term_string\"}],\"inLanguage\":\"hr\"},{\"@type\":\"Organization\",\"@id\":\"https:\/\/www.worldyachting.hr\/#organization\",\"name\":\"World Yachting Charter\",\"url\":\"https:\/\/www.worldyachting.hr\/\",\"logo\":{\"@type\":\"ImageObject\",\"inLanguage\":\"hr\",\"@id\":\"https:\/\/www.worldyachting.hr\/#\/schema\/logo\/image\/\",\"url\":\"https:\/\/www.worldyachting.hr\/wp-content\/uploads\/2021\/01\/logo_circle_world_yachting_charter_005.png\",\"contentUrl\":\"https:\/\/www.worldyachting.hr\/wp-content\/uploads\/2021\/01\/logo_circle_world_yachting_charter_005.png\",\"width\":500,\"height\":500,\"caption\":\"World Yachting Charter\"},\"image\":{\"@id\":\"https:\/\/www.worldyachting.hr\/#\/schema\/logo\/image\/\"},\"sameAs\":[\"https:\/\/www.facebook.com\/WorldYachtingCharter\",\"https:\/\/www.instagram.com\/worldyachtingcharter\",\"https:\/\/www.linkedin.com\/company\/worldyachting\",\"https:\/\/www.youtube.com\/channel\/UCIXLvg-qZ9ZsRI-poD-yRjw\"]}]}<\/script>\n<!-- \/ Yoast SEO plugin. -->","yoast_head_json":{"title":"Na\u0161a baza - World Yachting Charter in Croatia","robots":{"index":"index","follow":"follow","max-snippet":"max-snippet:-1","max-image-preview":"max-image-preview:large","max-video-preview":"max-video-preview:-1"},"canonical":"https:\/\/www.worldyachting.hr\/hr\/our-base\/","og_locale":"hr_HR","og_type":"article","og_title":"Na\u0161a baza - World Yachting Charter in Croatia","og_description":"\u0160ibenik je jedan od najve\u0107ih gradova sjeverne Dalmacije. Luksuzne jahtne usluge Privatni izleti Top Destinacije \u0160ibenik je grad stariji od 950 godina. Zbog svog izuzetnog polo\u017eaja idealno je polazi\u0161te za izlete jedrilicom do nacionalnih parkova Krka i Kornati. Najbli\u017ea zra\u010dna luka su zra\u010dna luka Split i Zadar koje su od marine udaljene samo 45 minuta [&hellip;]","og_url":"https:\/\/www.worldyachting.hr\/hr\/our-base\/","og_site_name":"World Yachting Charter in Croatia","article_publisher":"https:\/\/www.facebook.com\/WorldYachtingCharter","article_modified_time":"2021-02-12T07:15:58+00:00","og_image":[{"width":810,"height":424,"url":"https:\/\/www.worldyachting.hr\/wp-content\/uploads\/2021\/01\/world_yachting_charter_logo2.jpg","type":"image\/jpeg"}],"twitter_card":"summary_large_image","twitter_misc":{"Procijenjeno vrijeme \u010ditanja":"1 minuta"},"schema":{"@context":"https:\/\/schema.org","@graph":[{"@type":"WebPage","@id":"https:\/\/www.worldyachting.hr\/hr\/our-base\/","url":"https:\/\/www.worldyachting.hr\/hr\/our-base\/","name":"Na\u0161a baza - World Yachting Charter in Croatia","isPartOf":{"@id":"https:\/\/www.worldyachting.hr\/#website"},"datePublished":"2021-01-03T22:10:46+00:00","dateModified":"2021-02-12T07:15:58+00:00","breadcrumb":{"@id":"https:\/\/www.worldyachting.hr\/hr\/our-base\/#breadcrumb"},"inLanguage":"hr","potentialAction":[{"@type":"ReadAction","target":["https:\/\/www.worldyachting.hr\/hr\/our-base\/"]}]},{"@type":"BreadcrumbList","@id":"https:\/\/www.worldyachting.hr\/hr\/our-base\/#breadcrumb","itemListElement":[{"@type":"ListItem","position":1,"name":"Home","item":"https:\/\/www.worldyachting.hr\/hr\/"},{"@type":"ListItem","position":2,"name":"Na\u0161a baza"}]},{"@type":"WebSite","@id":"https:\/\/www.worldyachting.hr\/#website","url":"https:\/\/www.worldyachting.hr\/","name":"World Yachting Charter in Croatia","description":"Your unforgettable family sailing experience in Croatia","publisher":{"@id":"https:\/\/www.worldyachting.hr\/#organization"},"potentialAction":[{"@type":"SearchAction","target":{"@type":"EntryPoint","urlTemplate":"https:\/\/www.worldyachting.hr\/?s={search_term_string}"},"query-input":"required name=search_term_string"}],"inLanguage":"hr"},{"@type":"Organization","@id":"https:\/\/www.worldyachting.hr\/#organization","name":"World Yachting Charter","url":"https:\/\/www.worldyachting.hr\/","logo":{"@type":"ImageObject","inLanguage":"hr","@id":"https:\/\/www.worldyachting.hr\/#\/schema\/logo\/image\/","url":"https:\/\/www.worldyachting.hr\/wp-content\/uploads\/2021\/01\/logo_circle_world_yachting_charter_005.png","contentUrl":"https:\/\/www.worldyachting.hr\/wp-content\/uploads\/2021\/01\/logo_circle_world_yachting_charter_005.png","width":500,"height":500,"caption":"World Yachting Charter"},"image":{"@id":"https:\/\/www.worldyachting.hr\/#\/schema\/logo\/image\/"},"sameAs":["https:\/\/www.facebook.com\/WorldYachtingCharter","https:\/\/www.instagram.com\/worldyachtingcharter","https:\/\/www.linkedin.com\/company\/worldyachting","https:\/\/www.youtube.com\/channel\/UCIXLvg-qZ9ZsRI-poD-yRjw"]}]}},"_links":{"self":[{"href":"https:\/\/www.worldyachting.hr\/hr\/wp-json\/wp\/v2\/pages\/13024955"}],"collection":[{"href":"https:\/\/www.worldyachting.hr\/hr\/wp-json\/wp\/v2\/pages"}],"about":[{"href":"https:\/\/www.worldyachting.hr\/hr\/wp-json\/wp\/v2\/types\/page"}],"author":[{"embeddable":true,"href":"https:\/\/www.worldyachting.hr\/hr\/wp-json\/wp\/v2\/users\/1"}],"replies":[{"embeddable":true,"href":"https:\/\/www.worldyachting.hr\/hr\/wp-json\/wp\/v2\/comments?post=13024955"}],"version-history":[{"count":7,"href":"https:\/\/www.worldyachting.hr\/hr\/wp-json\/wp\/v2\/pages\/13024955\/revisions"}],"predecessor-version":[{"id":13025289,"href":"https:\/\/www.worldyachting.hr\/hr\/wp-json\/wp\/v2\/pages\/13024955\/revisions\/13025289"}],"wp:attachment":[{"href":"https:\/\/www.worldyachting.hr\/hr\/wp-json\/wp\/v2\/media?parent=13024955"}],"curies":[{"name":"wp","href":"https:\/\/api.w.org\/{rel}","templated":true}]}}